{"id":6296,"date":"2024-10-22T07:41:13","date_gmt":"2024-10-22T07:41:13","guid":{"rendered":"https:\/\/streamingequip.com\/?page_id=6296"},"modified":"2025-07-04T10:17:53","modified_gmt":"2025-07-04T10:17:53","slug":"affiliate-offenlegung","status":"publish","type":"page","link":"https:\/\/streamingequip.com\/de\/affiliate-offenlegung\/","title":{"rendered":"Affiliate Offenlegung"},"content":{"rendered":"\t\t<div data-elementor-type=\"wp-page\" data-elementor-id=\"6296\" class=\"elementor elementor-6296\" data-elementor-post-type=\"page\">\n\t\t\t\t<div class=\"elementor-element elementor-element-c72a830 e-flex e-con-boxed e-con e-parent\" data-id=\"c72a830\" data-element_type=\"container\" data-e-type=\"container\">\n\t\t\t\t\t<div class=\"e-con-inner\">\n\t\t\t\t<div class=\"elementor-element elementor-element-6a275502 elementor-widget elementor-widget-text-editor\" data-id=\"6a275502\" data-element_type=\"widget\" data-e-type=\"widget\" data-widget_type=\"text-editor.default\">\n\t\t\t\t<div class=\"elementor-widget-container\">\n\t\t\t\t\t\t\t\t\t\n<h1 class=\"wp-block-heading\">Amazon Affiliate Offenlegung<\/h1>\n\n\n\n<p>StreamingEquip.com nimmt am Amazon Services LLC Associates Programm teil, einem Affiliate-Werbeprogramm, das Websites die M\u00f6glichkeit bietet, durch Werbung und Verlinkung zu Amazon Werbegeb\u00fchren zu verdienen.<\/p>\n\n\n\n<p>F\u00fcr dich entstehen keine zus\u00e4tzlichen Kosten.<\/p>\n\t\t\t\t\t\t\t\t<\/div>\n\t\t\t\t<\/div>\n\t\t\t\t\t<\/div>\n\t\t\t\t<\/div>\n\t\t\t\t<\/div>\n\t\t","protected":false},"excerpt":{"rendered":"<p>Amazon Affiliate Offenlegung StreamingEquip.com nimmt am Amazon Services LLC Associates Programm teil, einem Affiliate-Werbeprogramm, das Websites die M\u00f6glichkeit bietet, durch Werbung und Verlinkung zu Amazon Werbegeb\u00fchren zu verdienen. F\u00fcr dich entstehen keine zus\u00e4tzlichen Kosten.<\/p>\n","protected":false},"author":1,"featured_media":0,"parent":0,"menu_order":0,"comment_status":"closed","ping_status":"closed","template":"","meta":{"_acf_changed":false,"footnotes":""},"class_list":["post-6296","page","type-page","status-publish","hentry"],"acf":[],"yoast_head":"<!-- This site is optimized with the Yoast SEO plugin v27.5 - https:\/\/yoast.com\/product\/yoast-seo-wordpress\/ -->\n<title>Affiliate Offenlegung - StreamingEquip<\/title>\n<meta name=\"robots\" content=\"index, follow, max-snippet:-1, max-image-preview:large, max-video-preview:-1\" \/>\n<link rel=\"canonical\" href=\"https:\/\/streamingequip.com\/de\/affiliate-offenlegung\/\" \/>\n<meta property=\"og:locale\" content=\"de_DE\" \/>\n<meta property=\"og:type\" content=\"article\" \/>\n<meta property=\"og:title\" content=\"Affiliate Offenlegung - StreamingEquip\" \/>\n<meta property=\"og:description\" content=\"Amazon Affiliate Offenlegung StreamingEquip.com nimmt am Amazon Services LLC Associates Programm teil, einem Affiliate-Werbeprogramm, das Websites die M\u00f6glichkeit bietet, durch Werbung und Verlinkung zu Amazon Werbegeb\u00fchren zu verdienen. F\u00fcr dich entstehen keine zus\u00e4tzlichen Kosten.\" \/>\n<meta property=\"og:url\" content=\"https:\/\/streamingequip.com\/de\/affiliate-offenlegung\/\" \/>\n<meta property=\"og:site_name\" content=\"StreamingEquip\" \/>\n<meta property=\"article:modified_time\" content=\"2025-07-04T10:17:53+00:00\" \/>\n<meta name=\"twitter:card\" content=\"summary_large_image\" \/>\n<meta name=\"twitter:site\" content=\"@Streaming_Equip\" \/>\n<meta name=\"twitter:label1\" content=\"Gesch\u00e4tzte Lesezeit\" \/>\n\t<meta name=\"twitter:data1\" content=\"1\u00a0Minute\" \/>\n<script type=\"application\/ld+json\" class=\"yoast-schema-graph\">{\"@context\":\"https:\\\/\\\/schema.org\",\"@graph\":[{\"@type\":\"WebPage\",\"@id\":\"https:\\\/\\\/streamingequip.com\\\/affiliate-offenlegung\\\/\",\"url\":\"https:\\\/\\\/streamingequip.com\\\/affiliate-offenlegung\\\/\",\"name\":\"Affiliate Offenlegung - StreamingEquip\",\"isPartOf\":{\"@id\":\"https:\\\/\\\/streamingequip.com\\\/#website\"},\"datePublished\":\"2024-10-22T07:41:13+00:00\",\"dateModified\":\"2025-07-04T10:17:53+00:00\",\"breadcrumb\":{\"@id\":\"https:\\\/\\\/streamingequip.com\\\/affiliate-offenlegung\\\/#breadcrumb\"},\"inLanguage\":\"de\",\"potentialAction\":[{\"@type\":\"ReadAction\",\"target\":[\"https:\\\/\\\/streamingequip.com\\\/affiliate-offenlegung\\\/\"]}]},{\"@type\":\"BreadcrumbList\",\"@id\":\"https:\\\/\\\/streamingequip.com\\\/affiliate-offenlegung\\\/#breadcrumb\",\"itemListElement\":[{\"@type\":\"ListItem\",\"position\":1,\"name\":\"Home\",\"item\":\"https:\\\/\\\/streamingequip.com\\\/\"},{\"@type\":\"ListItem\",\"position\":2,\"name\":\"Affiliate Offenlegung\"}]},{\"@type\":\"WebSite\",\"@id\":\"https:\\\/\\\/streamingequip.com\\\/#website\",\"url\":\"https:\\\/\\\/streamingequip.com\\\/\",\"name\":\"StreamingEquip\",\"description\":\"Setups und Gear von Streamern\",\"publisher\":{\"@id\":\"https:\\\/\\\/streamingequip.com\\\/#organization\"},\"potentialAction\":[{\"@type\":\"SearchAction\",\"target\":{\"@type\":\"EntryPoint\",\"urlTemplate\":\"https:\\\/\\\/streamingequip.com\\\/?s={search_term_string}\"},\"query-input\":{\"@type\":\"PropertyValueSpecification\",\"valueRequired\":true,\"valueName\":\"search_term_string\"}}],\"inLanguage\":\"de\"},{\"@type\":\"Organization\",\"@id\":\"https:\\\/\\\/streamingequip.com\\\/#organization\",\"name\":\"StreamingEquip\",\"url\":\"https:\\\/\\\/streamingequip.com\\\/\",\"logo\":{\"@type\":\"ImageObject\",\"inLanguage\":\"de\",\"@id\":\"https:\\\/\\\/streamingequip.com\\\/#\\\/schema\\\/logo\\\/image\\\/\",\"url\":\"\",\"contentUrl\":\"\",\"caption\":\"StreamingEquip\"},\"image\":{\"@id\":\"https:\\\/\\\/streamingequip.com\\\/#\\\/schema\\\/logo\\\/image\\\/\"},\"sameAs\":[\"https:\\\/\\\/x.com\\\/Streaming_Equip\",\"https:\\\/\\\/www.youtube.com\\\/@StreamingEquip\",\"https:\\\/\\\/www.reddit.com\\\/r\\\/StreamingEquip\\\/\"]}]}<\/script>\n<!-- \/ Yoast SEO plugin. -->","yoast_head_json":{"title":"Affiliate Offenlegung - StreamingEquip","robots":{"index":"index","follow":"follow","max-snippet":"max-snippet:-1","max-image-preview":"max-image-preview:large","max-video-preview":"max-video-preview:-1"},"canonical":"https:\/\/streamingequip.com\/de\/affiliate-offenlegung\/","og_locale":"de_DE","og_type":"article","og_title":"Affiliate Offenlegung - StreamingEquip","og_description":"Amazon Affiliate Offenlegung StreamingEquip.com nimmt am Amazon Services LLC Associates Programm teil, einem Affiliate-Werbeprogramm, das Websites die M\u00f6glichkeit bietet, durch Werbung und Verlinkung zu Amazon Werbegeb\u00fchren zu verdienen. F\u00fcr dich entstehen keine zus\u00e4tzlichen Kosten.","og_url":"https:\/\/streamingequip.com\/de\/affiliate-offenlegung\/","og_site_name":"StreamingEquip","article_modified_time":"2025-07-04T10:17:53+00:00","twitter_card":"summary_large_image","twitter_site":"@Streaming_Equip","twitter_misc":{"Gesch\u00e4tzte Lesezeit":"1\u00a0Minute"},"schema":{"@context":"https:\/\/schema.org","@graph":[{"@type":"WebPage","@id":"https:\/\/streamingequip.com\/affiliate-offenlegung\/","url":"https:\/\/streamingequip.com\/affiliate-offenlegung\/","name":"Affiliate Offenlegung - StreamingEquip","isPartOf":{"@id":"https:\/\/streamingequip.com\/#website"},"datePublished":"2024-10-22T07:41:13+00:00","dateModified":"2025-07-04T10:17:53+00:00","breadcrumb":{"@id":"https:\/\/streamingequip.com\/affiliate-offenlegung\/#breadcrumb"},"inLanguage":"de","potentialAction":[{"@type":"ReadAction","target":["https:\/\/streamingequip.com\/affiliate-offenlegung\/"]}]},{"@type":"BreadcrumbList","@id":"https:\/\/streamingequip.com\/affiliate-offenlegung\/#breadcrumb","itemListElement":[{"@type":"ListItem","position":1,"name":"Home","item":"https:\/\/streamingequip.com\/"},{"@type":"ListItem","position":2,"name":"Affiliate Offenlegung"}]},{"@type":"WebSite","@id":"https:\/\/streamingequip.com\/#website","url":"https:\/\/streamingequip.com\/","name":"StreamingEquip","description":"Setups und Gear von Streamern","publisher":{"@id":"https:\/\/streamingequip.com\/#organization"},"potentialAction":[{"@type":"SearchAction","target":{"@type":"EntryPoint","urlTemplate":"https:\/\/streamingequip.com\/?s={search_term_string}"},"query-input":{"@type":"PropertyValueSpecification","valueRequired":true,"valueName":"search_term_string"}}],"inLanguage":"de"},{"@type":"Organization","@id":"https:\/\/streamingequip.com\/#organization","name":"StreamingEquip","url":"https:\/\/streamingequip.com\/","logo":{"@type":"ImageObject","inLanguage":"de","@id":"https:\/\/streamingequip.com\/#\/schema\/logo\/image\/","url":"","contentUrl":"","caption":"StreamingEquip"},"image":{"@id":"https:\/\/streamingequip.com\/#\/schema\/logo\/image\/"},"sameAs":["https:\/\/x.com\/Streaming_Equip","https:\/\/www.youtube.com\/@StreamingEquip","https:\/\/www.reddit.com\/r\/StreamingEquip\/"]}]}},"_links":{"self":[{"href":"https:\/\/streamingequip.com\/de\/wp-json\/wp\/v2\/pages\/6296","targetHints":{"allow":["GET"]}}],"collection":[{"href":"https:\/\/streamingequip.com\/de\/wp-json\/wp\/v2\/pages"}],"about":[{"href":"https:\/\/streamingequip.com\/de\/wp-json\/wp\/v2\/types\/page"}],"author":[{"embeddable":true,"href":"https:\/\/streamingequip.com\/de\/wp-json\/wp\/v2\/users\/1"}],"replies":[{"embeddable":true,"href":"https:\/\/streamingequip.com\/de\/wp-json\/wp\/v2\/comments?post=6296"}],"version-history":[{"count":21,"href":"https:\/\/streamingequip.com\/de\/wp-json\/wp\/v2\/pages\/6296\/revisions"}],"predecessor-version":[{"id":7512,"href":"https:\/\/streamingequip.com\/de\/wp-json\/wp\/v2\/pages\/6296\/revisions\/7512"}],"wp:attachment":[{"href":"https:\/\/streamingequip.com\/de\/wp-json\/wp\/v2\/media?parent=6296"}],"curies":[{"name":"wp","href":"https:\/\/api.w.org\/{rel}","templated":true}]}}